{"id":387,"date":"2026-03-22T11:19:37","date_gmt":"2026-03-22T11:19:37","guid":{"rendered":"https:\/\/pigsbr.com\/?page_id=387"},"modified":"2026-03-22T11:49:36","modified_gmt":"2026-03-22T11:49:36","slug":"minipig","status":"publish","type":"page","link":"https:\/\/pigsbr.com\/?page_id=387","title":{"rendered":"Mini Pig \u00e0 Venda com Melhor Gen\u00e9tica do Brasil | Filhotes de Mini Porco com Garantia"},"content":{"rendered":"\t\t<div data-elementor-type=\"wp-page\" data-elementor-id=\"387\" class=\"elementor elementor-387\">\n\t\t\t\t\t\t\t<div class=\"elementor-element elementor-element-75dc360 e-flex e-con-boxed e-con e-parent\" data-id=\"75dc360\" data-element_type=\"container\" data-settings=\"{&quot;content_width&quot;:&quot;boxed&quot;}\" data-core-v316-plus=\"true\">\n\t\t\t\t\t<div class=\"e-con-inner\">\n\t\t\t\t<div class=\"elementor-element elementor-element-f7c14e9 elementor-widget elementor-widget-text-editor\" data-id=\"f7c14e9\" data-element_type=\"widget\" data-widget_type=\"text-editor.default\">\n\t\t\t\t<div class=\"elementor-widget-container\">\n\t\t\t<style>\/*! elementor - v3.18.0 - 20-12-2023 *\/\n.elementor-widget-text-editor.elementor-drop-cap-view-stacked .elementor-drop-cap{background-color:#69727d;color:#fff}.elementor-widget-text-editor.elementor-drop-cap-view-framed .elementor-drop-cap{color:#69727d;border:3px solid;background-color:transparent}.elementor-widget-text-editor:not(.elementor-drop-cap-view-default) .elementor-drop-cap{margin-top:8px}.elementor-widget-text-editor:not(.elementor-drop-cap-view-default) .elementor-drop-cap-letter{width:1em;height:1em}.elementor-widget-text-editor .elementor-drop-cap{float:left;text-align:center;line-height:1;font-size:50px}.elementor-widget-text-editor .elementor-drop-cap-letter{display:inline-block}<\/style>\t\t\t\t<h1 data-section-id=\"1ncdbf4\" data-start=\"188\" data-end=\"281\"><span role=\"text\">\ud83d\udc37 <strong data-start=\"193\" data-end=\"281\">Mini Pig \u00e0 Venda com Melhor Gen\u00e9tica do Brasil | Filhotes de Mini Porco com Garantia<\/strong><\/span><\/h1><p><a href=\"https:\/\/l.instagram.com\/?u=http%3A%2F%2Fwa.me%2F%2B5548988505768%3Futm_source%3Dig%26utm_medium%3Dsocial%26utm_content%3Dlink_in_bio%26fbclid%3DPAZXh0bgNhZW0CMTEAc3J0YwZhcHBfaWQMMjU2MjgxMDQwNTU4AAGnJsOwdUssD9ItWAne-a288QfoWOTu61eRdr-ZwiEivYkNLYoAoCIAHkQGv4Y_aem__qu2WBgXtATkl0zS-D4iMg&amp;e=AT7UOuKE7-TB2ErLQTsnkdtHpYZFX6PHHQ02tOwff5a1hF7gahsr4TVt0QYDqCcedf1tSIjtvB96gO4n5TqK_x8dqqSpOnuJluESGy7s-A\" target=\"_blank\" rel=\"noopener\">\ud83d\udc49 <strong data-start=\"790\" data-end=\"834\">Reserve seu mini pig agora pelo WhatsApp<\/strong><\/a><\/p><h2 data-section-id=\"18s2wro\" data-start=\"283\" data-end=\"355\">\ud83d\udc16 Quer Comprar um Mini Pig Saud\u00e1vel, D\u00f3cil e com Excelente Gen\u00e9tica?<\/h2><p data-start=\"357\" data-end=\"455\">Se voc\u00ea est\u00e1 procurando um <strong data-start=\"384\" data-end=\"428\">mini pig \u00e0 venda com qualidade garantida<\/strong>, voc\u00ea est\u00e1 no lugar certo.<\/p><p data-start=\"457\" data-end=\"634\">Na <strong data-start=\"460\" data-end=\"470\">PIGSBR<\/strong>, somos especialistas na cria\u00e7\u00e3o de <strong data-start=\"506\" data-end=\"545\">mini porcos, mini pigs e micro pigs<\/strong>, com mais de <strong data-start=\"559\" data-end=\"633\">8 anos de experi\u00eancia e mais de 300 filhotes vendidos em todo o Brasil<\/strong>.<\/p><p data-start=\"636\" data-end=\"785\">Nossa miss\u00e3o vai muito al\u00e9m da venda. Trabalhamos para entregar <strong data-start=\"700\" data-end=\"723\">companheiros \u00fanicos<\/strong>, criados com amor, cuidado e alto padr\u00e3o de bem-estar animal.<\/p><p data-start=\"787\" data-end=\"834\"><a href=\"https:\/\/l.instagram.com\/?u=http%3A%2F%2Fwa.me%2F%2B5548988505768%3Futm_source%3Dig%26utm_medium%3Dsocial%26utm_content%3Dlink_in_bio%26fbclid%3DPAZXh0bgNhZW0CMTEAc3J0YwZhcHBfaWQMMjU2MjgxMDQwNTU4AAGnJsOwdUssD9ItWAne-a288QfoWOTu61eRdr-ZwiEivYkNLYoAoCIAHkQGv4Y_aem__qu2WBgXtATkl0zS-D4iMg&amp;e=AT7UOuKE7-TB2ErLQTsnkdtHpYZFX6PHHQ02tOwff5a1hF7gahsr4TVt0QYDqCcedf1tSIjtvB96gO4n5TqK_x8dqqSpOnuJluESGy7s-A\" target=\"_blank\" rel=\"noopener\">\ud83d\udc49 <strong data-start=\"790\" data-end=\"834\">Reserve seu mini pig agora pelo WhatsApp<\/strong><\/a><\/p><hr data-start=\"836\" data-end=\"839\" \/><h2 data-section-id=\"1bmmy7k\" data-start=\"841\" data-end=\"890\"><span role=\"text\">\ud83c\udfc6 <strong data-start=\"847\" data-end=\"890\">Por que comprar seu Mini Pig na PIGSBR?<\/strong><\/span><\/h2><p data-start=\"892\" data-end=\"998\">Ao escolher a PIGSBR, voc\u00ea n\u00e3o est\u00e1 apenas comprando um animal \u2014 voc\u00ea est\u00e1 fazendo um investimento seguro.<\/p><p data-start=\"1000\" data-end=\"1196\">\u2714\ufe0f Mini pigs com <strong data-start=\"1017\" data-end=\"1039\">excelente gen\u00e9tica<\/strong><br data-start=\"1039\" data-end=\"1042\" \/>\u2714\ufe0f Filhotes saud\u00e1veis e acompanhados<br data-start=\"1078\" data-end=\"1081\" \/>\u2714\ufe0f Suporte completo antes e depois da compra<br data-start=\"1125\" data-end=\"1128\" \/>\u2714\ufe0f Entregas em todo o Brasil<br data-start=\"1156\" data-end=\"1159\" \/>\u2714\ufe0f Mais de 300 clientes satisfeitos<\/p><p data-start=\"1198\" data-end=\"1255\">Aqui, voc\u00ea leva <strong data-start=\"1214\" data-end=\"1254\">qualidade, confian\u00e7a e tranquilidade<\/strong>.<\/p><hr data-start=\"1257\" data-end=\"1260\" \/><h2 data-section-id=\"161vlv\" data-start=\"1262\" data-end=\"1322\"><span role=\"text\">\ud83d\udcb0 <strong data-start=\"1268\" data-end=\"1322\">Mini Pig Pre\u00e7o Acess\u00edvel + Facilidade de Pagamento<\/strong><\/span><\/h2><p><a href=\"https:\/\/l.instagram.com\/?u=http%3A%2F%2Fwa.me%2F%2B5548988505768%3Futm_source%3Dig%26utm_medium%3Dsocial%26utm_content%3Dlink_in_bio%26fbclid%3DPAZXh0bgNhZW0CMTEAc3J0YwZhcHBfaWQMMjU2MjgxMDQwNTU4AAGnJsOwdUssD9ItWAne-a288QfoWOTu61eRdr-ZwiEivYkNLYoAoCIAHkQGv4Y_aem__qu2WBgXtATkl0zS-D4iMg&amp;e=AT7UOuKE7-TB2ErLQTsnkdtHpYZFX6PHHQ02tOwff5a1hF7gahsr4TVt0QYDqCcedf1tSIjtvB96gO4n5TqK_x8dqqSpOnuJluESGy7s-A\" target=\"_blank\" rel=\"noopener\">\ud83d\udc49 <strong data-start=\"790\" data-end=\"834\">Reserve seu mini pig agora pelo WhatsApp<\/strong><\/a><\/p><p data-start=\"1324\" data-end=\"1357\">Sabemos que o valor \u00e9 importante.<\/p><p data-start=\"1359\" data-end=\"1380\">Por isso, oferecemos:<\/p><ul data-start=\"1381\" data-end=\"1495\"><li data-section-id=\"1orvyb7\" data-start=\"1381\" data-end=\"1418\">\ud83d\udcb3 Pagamento facilitado no cart\u00e3o<\/li><li data-section-id=\"1stievd\" data-start=\"1419\" data-end=\"1460\">\ud83d\udcb8 Op\u00e7\u00f5es acess\u00edveis direto pelo site<\/li><li data-section-id=\"zjmhsd\" data-start=\"1461\" data-end=\"1495\">\ud83d\udce6 Entrega segura e organizada<\/li><\/ul><p data-start=\"1497\" data-end=\"1571\">\ud83d\udc49 Ter um <strong data-start=\"1507\" data-end=\"1534\">mini porco de estima\u00e7\u00e3o<\/strong> \u00e9 mais poss\u00edvel do que voc\u00ea imagina.<\/p><hr data-start=\"1573\" data-end=\"1576\" \/><h2 data-section-id=\"icb9uw\" data-start=\"1578\" data-end=\"1626\"><span role=\"text\">\ud83d\udcd6 <strong data-start=\"1584\" data-end=\"1626\">Nossa Hist\u00f3ria com Mini Pigs no Brasil<\/strong><\/span><\/h2><p data-start=\"1628\" data-end=\"1672\">A PIGSBR nasceu da paix\u00e3o pelos mini porcos.<\/p><p data-start=\"1674\" data-end=\"1752\">S\u00e3o mais de <strong data-start=\"1686\" data-end=\"1734\">8 anos criando mini pigs com dedica\u00e7\u00e3o total<\/strong>, com unidades em:<\/p><ul data-start=\"1753\" data-end=\"1814\"><li data-section-id=\"1izofd7\" data-start=\"1753\" data-end=\"1774\">\ud83d\udccd Bebedouro \u2013 SP<\/li><li data-section-id=\"1gu39ra\" data-start=\"1797\" data-end=\"1814\">\ud83d\udccd Pernambuco<\/li><\/ul><p data-start=\"1816\" data-end=\"1918\">Cada filhote \u00e9 criado com cuidado, carinho e acompanhamento, garantindo um pet saud\u00e1vel e equilibrado.<\/p><hr data-start=\"1920\" data-end=\"1923\" \/><h2 data-section-id=\"1nlkygg\" data-start=\"1925\" data-end=\"1984\"><span role=\"text\">\ud83d\udc3d <strong data-start=\"1931\" data-end=\"1984\">Filhotes de Mini Pig Dispon\u00edveis (Reserva Aberta)<\/strong><\/span><\/h2><p data-start=\"1986\" data-end=\"2005\">Aqui voc\u00ea encontra:<\/p><ul data-start=\"2007\" data-end=\"2099\"><li data-section-id=\"1hgwpcw\" data-start=\"2007\" data-end=\"2027\">Mini pig filhote<\/li><li data-section-id=\"1f6r091\" data-start=\"2028\" data-end=\"2047\">Mini porco beb\u00ea<\/li><li data-section-id=\"129evl8\" data-start=\"2048\" data-end=\"2061\">Micro pig<\/li><li data-section-id=\"y3ueyt\" data-start=\"2062\" data-end=\"2099\">Filhotes com gen\u00e9tica selecionada<\/li><\/ul><p data-start=\"2101\" data-end=\"2189\">\ud83d\udc49 <strong data-start=\"2104\" data-end=\"2153\">Garanta seu filhote antes mesmo do nascimento<\/strong><br data-start=\"2153\" data-end=\"2156\" \/>\ud83d\udc49 Reserva r\u00e1pida pelo WhatsApp<\/p><hr data-start=\"2191\" data-end=\"2194\" \/><h1 data-section-id=\"17xyp0c\" data-start=\"2196\" data-end=\"2258\"><span role=\"text\">\u2764\ufe0f <strong data-start=\"2201\" data-end=\"2258\">Vantagens de Ter um Mini Pig como Animal de Estima\u00e7\u00e3o<\/strong><\/span><\/h1><h2 data-section-id=\"1v1tz88\" data-start=\"2260\" data-end=\"2283\">\ud83e\udde0 Intelig\u00eancia Alta<\/h2><p data-start=\"2284\" data-end=\"2421\">Mini pigs s\u00e3o extremamente inteligentes e f\u00e1ceis de treinar. Podem aprender comandos, truques e at\u00e9 usar local correto para necessidades.<\/p><h2 data-section-id=\"1jz63dx\" data-start=\"2423\" data-end=\"2454\">\ud83e\udd70 Carinhosos e Companheiros<\/h2><p data-start=\"2455\" data-end=\"2520\">Criam la\u00e7os fortes com os donos e demonstram carinho diariamente.<\/p><h2 data-section-id=\"1n5mwsv\" data-start=\"2522\" data-end=\"2544\">\ud83d\udccf Tamanho Compacto<\/h2><p data-start=\"2545\" data-end=\"2626\">O mini porco \u00e9 ideal para quem quer um pet diferente, mas com tamanho controlado.<\/p><h2 data-section-id=\"6pzquv\" data-start=\"2628\" data-end=\"2650\">\ud83e\uddfc Baixa Manuten\u00e7\u00e3o<\/h2><p data-start=\"2651\" data-end=\"2710\">S\u00e3o limpos, com pouco odor e n\u00e3o exigem cuidados complexos.<\/p><h2 data-section-id=\"1914nuv\" data-start=\"2712\" data-end=\"2727\">\u23f3 Vida Longa<\/h2><p data-start=\"2728\" data-end=\"2809\">Um mini pig pode viver de <strong data-start=\"2754\" data-end=\"2770\">12 a 20 anos<\/strong>, sendo um companheiro por muito tempo.<\/p><hr data-start=\"2811\" data-end=\"2814\" \/><h1 data-section-id=\"ehubr8\" data-start=\"2816\" data-end=\"2867\"><span role=\"text\">\u2753 <strong data-start=\"2820\" data-end=\"2867\">D\u00favidas Frequentes Sobre Mini Pig\u00a0<\/strong><\/span><\/h1><h2 data-section-id=\"19dwiu9\" data-start=\"2869\" data-end=\"2912\">\ud83d\udc16 Mini porco e mini pig s\u00e3o diferentes?<\/h2><p data-start=\"2913\" data-end=\"2979\">N\u00e3o. S\u00e3o apenas nomes diferentes para o mesmo animal (porco an\u00e3o).<\/p><h2 data-section-id=\"137dk2l\" data-start=\"2981\" data-end=\"3024\">\ud83d\udccf Qual o tamanho de um mini pig adulto?<\/h2><p data-start=\"3025\" data-end=\"3034\">Em m\u00e9dia:<\/p><ul data-start=\"3035\" data-end=\"3078\"><li data-section-id=\"7zlww0\" data-start=\"3035\" data-end=\"3057\">Altura: 30 a 45 cm<\/li><li data-section-id=\"1bbt85t\" data-start=\"3058\" data-end=\"3078\">Peso: 35 a 45 kg<\/li><\/ul><h2 data-section-id=\"mq9y8c\" data-start=\"3080\" data-end=\"3117\">\u23f3 Quanto tempo vive um mini porco?<\/h2><p data-start=\"3118\" data-end=\"3166\">Entre <strong data-start=\"3124\" data-end=\"3140\">12 e 20 anos<\/strong>, dependendo dos cuidados.<\/p><h2 data-section-id=\"b94mtk\" data-start=\"3168\" data-end=\"3201\">\ud83e\udde0 Mini pigs s\u00e3o inteligentes?<\/h2><p data-start=\"3202\" data-end=\"3258\">Sim! S\u00e3o considerados mais inteligentes que muitos c\u00e3es.<\/p><h2 data-section-id=\"14fgtzw\" data-start=\"3260\" data-end=\"3299\">\ud83d\udc36 Eles convivem com outros animais?<\/h2><p data-start=\"3300\" data-end=\"3331\">Sim, com socializa\u00e7\u00e3o adequada.<\/p><h2 data-section-id=\"cyx1y7\" data-start=\"3333\" data-end=\"3359\">\ud83c\udf4e O que mini pig come?<\/h2><ul data-start=\"3360\" data-end=\"3404\"><li data-section-id=\"1jmel0w\" data-start=\"3360\" data-end=\"3380\">Ra\u00e7\u00e3o espec\u00edfica<\/li><li data-section-id=\"jqe7rj\" data-start=\"3381\" data-end=\"3391\">Frutas<\/li><li data-section-id=\"12qz9ue\" data-start=\"3392\" data-end=\"3404\">Vegetais<\/li><\/ul><p data-start=\"3406\" data-end=\"3457\">\ud83d\udc49 Voc\u00ea recebe um <strong data-start=\"3424\" data-end=\"3456\">guia completo de alimenta\u00e7\u00e3o<\/strong>.<\/p><h2 data-section-id=\"2pkj30\" data-start=\"3459\" data-end=\"3489\">\ud83c\udfe1 Precisa de muito espa\u00e7o?<\/h2><p data-start=\"3490\" data-end=\"3556\">N\u00e3o necessariamente, mas um espa\u00e7o para se exercitar \u00e9 importante.<\/p><h2 data-section-id=\"19z7p6e\" data-start=\"3558\" data-end=\"3592\">\ud83e\uddfc Mini porco tem cheiro forte?<\/h2><p data-start=\"3593\" data-end=\"3637\">N\u00e3o. S\u00e3o animais limpos quando bem cuidados.<\/p><hr data-start=\"3639\" data-end=\"3642\" \/><h1 data-section-id=\"181xv7h\" data-start=\"3644\" data-end=\"3685\"><span role=\"text\">\ud83d\ude9a <strong data-start=\"3649\" data-end=\"3685\">Entrega e Compra do Seu Mini Pig<\/strong><\/span><\/h1><p><a href=\"https:\/\/l.instagram.com\/?u=http%3A%2F%2Fwa.me%2F%2B5548988505768%3Futm_source%3Dig%26utm_medium%3Dsocial%26utm_content%3Dlink_in_bio%26fbclid%3DPAZXh0bgNhZW0CMTEAc3J0YwZhcHBfaWQMMjU2MjgxMDQwNTU4AAGnJsOwdUssD9ItWAne-a288QfoWOTu61eRdr-ZwiEivYkNLYoAoCIAHkQGv4Y_aem__qu2WBgXtATkl0zS-D4iMg&amp;e=AT7UOuKE7-TB2ErLQTsnkdtHpYZFX6PHHQ02tOwff5a1hF7gahsr4TVt0QYDqCcedf1tSIjtvB96gO4n5TqK_x8dqqSpOnuJluESGy7s-A\" target=\"_blank\" rel=\"noopener\">\ud83d\udc49 <strong data-start=\"790\" data-end=\"834\">Reserve seu mini pig agora pelo WhatsApp<\/strong><\/a><\/p><p data-start=\"3687\" data-end=\"3828\">\u2714\ufe0f Entrega em at\u00e9 <strong data-start=\"3705\" data-end=\"3737\">40 dias (per\u00edodo de desmame)<\/strong><br data-start=\"3737\" data-end=\"3740\" \/>\u2714\ufe0f Filhotes vacinados<br data-start=\"3761\" data-end=\"3764\" \/>\u2714\ufe0f Acompanhamento profissional<br data-start=\"3794\" data-end=\"3797\" \/>\u2714\ufe0f Atualiza\u00e7\u00f5es at\u00e9 a entrega<\/p><hr data-start=\"3830\" data-end=\"3833\" \/><h1 data-section-id=\"ts6gb7\" data-start=\"3835\" data-end=\"3870\"><span role=\"text\">\ud83d\udcac <strong data-start=\"3840\" data-end=\"3870\">Reserve Seu Mini Pig Agora<\/strong><\/span><\/h1><p data-start=\"3872\" data-end=\"3988\">\ud83d\udc49 Atendimento direto pelo WhatsApp<br data-start=\"3907\" data-end=\"3910\" \/>\ud83d\udc49 Tire suas d\u00favidas antes de comprar<br data-start=\"3947\" data-end=\"3950\" \/>\ud83d\udc49 Escolha seu filhote com seguran\u00e7a<\/p><hr data-start=\"3990\" data-end=\"3993\" \/><h2 data-section-id=\"krk25c\" data-start=\"3995\" data-end=\"4060\"><span role=\"text\">\ud83d\udd25 <strong data-start=\"4001\" data-end=\"4060\">Mini Pig \u00e0 Venda com Garantia e Proced\u00eancia \u00e9 na PIGSBR<\/strong><\/span><\/h2><p data-start=\"4062\" data-end=\"4086\">N\u00e3o compre sem garantia.<\/p><p data-start=\"4088\" data-end=\"4151\">Escolha quem tem experi\u00eancia, hist\u00f3rico e clientes satisfeitos.<\/p><p data-start=\"4153\" data-end=\"4191\">\ud83d\udc37 <strong data-start=\"4156\" data-end=\"4191\">Seu novo companheiro est\u00e1 aqui<\/strong><\/p><p data-start=\"4153\" data-end=\"4191\"><strong data-start=\"4156\" data-end=\"4191\"><a href=\"https:\/\/l.instagram.com\/?u=http%3A%2F%2Fwa.me%2F%2B5548988505768%3Futm_source%3Dig%26utm_medium%3Dsocial%26utm_content%3Dlink_in_bio%26fbclid%3DPAZXh0bgNhZW0CMTEAc3J0YwZhcHBfaWQMMjU2MjgxMDQwNTU4AAGnJsOwdUssD9ItWAne-a288QfoWOTu61eRdr-ZwiEivYkNLYoAoCIAHkQGv4Y_aem__qu2WBgXtATkl0zS-D4iMg&amp;e=AT7UOuKE7-TB2ErLQTsnkdtHpYZFX6PHHQ02tOwff5a1hF7gahsr4TVt0QYDqCcedf1tSIjtvB96gO4n5TqK_x8dqqSpOnuJluESGy7s-A\" target=\"_blank\" rel=\"noopener\">\ud83d\udc49 Reserve seu mini pig agora pelo WhatsApp<\/a>.<\/strong><\/p>\t\t\t\t\t\t<\/div>\n\t\t\t\t<\/div>\n\t\t\t\t\t<\/div>\n\t\t\t\t<\/div>\n\t\t\t\t\t\t\t<\/div>\n\t\t","protected":false},"excerpt":{"rendered":"<p>\ud83d\udc37 Mini Pig \u00e0 Venda com Melhor Gen\u00e9tica do Brasil | Filhotes de Mini Porco com Garantia \ud83d\udc49 Reserve seu [&hellip;]<\/p>\n","protected":false},"author":1,"featured_media":0,"parent":0,"menu_order":0,"comment_status":"closed","ping_status":"closed","template":"elementor_header_footer","meta":{"site-sidebar-layout":"default","site-content-layout":"","ast-site-content-layout":"","site-content-style":"default","site-sidebar-style":"default","ast-global-header-display":"","ast-banner-title-visibility":"","ast-main-header-display":"","ast-hfb-above-header-display":"","ast-hfb-below-header-display":"","ast-hfb-mobile-header-display":"","site-post-title":"","ast-breadcrumbs-content":"","ast-featured-img":"","footer-sml-layout":"","theme-transparent-header-meta":"","adv-header-id-meta":"","stick-header-meta":"","header-above-stick-meta":"","header-main-stick-meta":"","header-below-stick-meta":"","astra-migrate-meta-layouts":"default","ast-page-background-enabled":"default","ast-page-background-meta":{"desktop":{"background-color":"var(--ast-global-color-4)","background-image":"","background-repeat":"repeat","background-position":"center center","background-size":"auto","background-attachment":"scroll","background-type":"","background-media":"","overlay-type":"","overlay-color":"","overlay-gradient":""},"tablet":{"background-color":"","background-image":"","background-repeat":"repeat","background-position":"center center","background-size":"auto","background-attachment":"scroll","background-type":"","background-media":"","overlay-type":"","overlay-color":"","overlay-gradient":""},"mobile":{"background-color":"","background-image":"","background-repeat":"repeat","background-position":"center center","background-size":"auto","background-attachment":"scroll","background-type":"","background-media":"","overlay-type":"","overlay-color":"","overlay-gradient":""}},"ast-content-background-meta":{"desktop":{"background-color":"var(--ast-global-color-5)","background-image":"","background-repeat":"repeat","background-position":"center center","background-size":"auto","background-attachment":"scroll","background-type":"","background-media":"","overlay-type":"","overlay-color":"","overlay-gradient":""},"tablet":{"background-color":"var(--ast-global-color-5)","background-image":"","background-repeat":"repeat","background-position":"center center","background-size":"auto","background-attachment":"scroll","background-type":"","background-media":"","overlay-type":"","overlay-color":"","overlay-gradient":""},"mobile":{"background-color":"var(--ast-global-color-5)","background-image":"","background-repeat":"repeat","background-position":"center center","background-size":"auto","background-attachment":"scroll","background-type":"","background-media":"","overlay-type":"","overlay-color":"","overlay-gradient":""}},"footnotes":""},"_links":{"self":[{"href":"https:\/\/pigsbr.com\/index.php?rest_route=\/wp\/v2\/pages\/387"}],"collection":[{"href":"https:\/\/pigsbr.com\/index.php?rest_route=\/wp\/v2\/pages"}],"about":[{"href":"https:\/\/pigsbr.com\/index.php?rest_route=\/wp\/v2\/types\/page"}],"author":[{"embeddable":true,"href":"https:\/\/pigsbr.com\/index.php?rest_route=\/wp\/v2\/users\/1"}],"replies":[{"embeddable":true,"href":"https:\/\/pigsbr.com\/index.php?rest_route=%2Fwp%2Fv2%2Fcomments&post=387"}],"version-history":[{"count":13,"href":"https:\/\/pigsbr.com\/index.php?rest_route=\/wp\/v2\/pages\/387\/revisions"}],"predecessor-version":[{"id":417,"href":"https:\/\/pigsbr.com\/index.php?rest_route=\/wp\/v2\/pages\/387\/revisions\/417"}],"wp:attachment":[{"href":"https:\/\/pigsbr.com\/index.php?rest_route=%2Fwp%2Fv2%2Fmedia&parent=387"}],"curies":[{"name":"wp","href":"https:\/\/api.w.org\/{rel}","templated":true}]}}