{"id":428,"date":"2026-03-22T12:11:50","date_gmt":"2026-03-22T12:11:50","guid":{"rendered":"https:\/\/pigsbr.com\/?page_id=428"},"modified":"2026-03-22T12:12:33","modified_gmt":"2026-03-22T12:12:33","slug":"mini-pig-como-cuidar-corretamente-do-seu-porquinho-de-estimacao","status":"publish","type":"page","link":"https:\/\/pigsbr.com\/?page_id=428","title":{"rendered":"Mini Pig: Como Cuidar Corretamente do Seu Porquinho de Estima\u00e7\u00e3o"},"content":{"rendered":"\t\t<div data-elementor-type=\"wp-page\" data-elementor-id=\"428\" class=\"elementor elementor-428\">\n\t\t\t\t\t\t\t<div class=\"elementor-element elementor-element-174bc75 e-flex e-con-boxed e-con e-parent\" data-id=\"174bc75\" data-element_type=\"container\" data-settings=\"{&quot;content_width&quot;:&quot;boxed&quot;}\" data-core-v316-plus=\"true\">\n\t\t\t\t\t<div class=\"e-con-inner\">\n\t\t\t\t<div class=\"elementor-element elementor-element-c0e4c89 elementor-widget elementor-widget-text-editor\" data-id=\"c0e4c89\" data-element_type=\"widget\" data-widget_type=\"text-editor.default\">\n\t\t\t\t<div class=\"elementor-widget-container\">\n\t\t\t<style>\/*! elementor - v3.18.0 - 20-12-2023 *\/\n.elementor-widget-text-editor.elementor-drop-cap-view-stacked .elementor-drop-cap{background-color:#69727d;color:#fff}.elementor-widget-text-editor.elementor-drop-cap-view-framed .elementor-drop-cap{color:#69727d;border:3px solid;background-color:transparent}.elementor-widget-text-editor:not(.elementor-drop-cap-view-default) .elementor-drop-cap{margin-top:8px}.elementor-widget-text-editor:not(.elementor-drop-cap-view-default) .elementor-drop-cap-letter{width:1em;height:1em}.elementor-widget-text-editor .elementor-drop-cap{float:left;text-align:center;line-height:1;font-size:50px}.elementor-widget-text-editor .elementor-drop-cap-letter{display:inline-block}<\/style>\t\t\t\t<h1 data-section-id=\"3tnv6z\" data-start=\"2629\" data-end=\"2702\"><span role=\"text\">\ud83d\udc16 <strong data-start=\"2634\" data-end=\"2702\">Mini Pig: Como Cuidar Corretamente do Seu Porquinho de Estima\u00e7\u00e3o<\/strong><\/span><\/h1><h2 data-section-id=\"o9iqnm\" data-start=\"2704\" data-end=\"2737\">\ud83d\udc37 Como cuidar de um mini pig?<\/h2><p data-start=\"2738\" data-end=\"2812\">Cuidar de um <strong data-start=\"2751\" data-end=\"2763\">mini pig<\/strong> \u00e9 mais simples do que parece, mas exige aten\u00e7\u00e3o.<\/p><hr data-start=\"2814\" data-end=\"2817\" \/><h2 data-section-id=\"dzrhh3\" data-start=\"2819\" data-end=\"2844\">\ud83c\udf4e Alimenta\u00e7\u00e3o correta<\/h2><p data-start=\"2846\" data-end=\"2877\">A base da alimenta\u00e7\u00e3o deve ser:<\/p><ul data-start=\"2878\" data-end=\"2962\"><li data-section-id=\"1pxodwv\" data-start=\"2878\" data-end=\"2912\">Ra\u00e7\u00e3o espec\u00edfica para mini pig<\/li><li data-section-id=\"1rwb0hg\" data-start=\"2913\" data-end=\"2939\">Frutas (com modera\u00e7\u00e3o)<\/li><li data-section-id=\"dqa3nh\" data-start=\"2940\" data-end=\"2962\">Verduras e legumes<\/li><\/ul><p data-start=\"2964\" data-end=\"3004\">\u26a0\ufe0f Evite excesso \u2014 isso causa obesidade.<\/p><hr data-start=\"3006\" data-end=\"3009\" \/><h2 data-section-id=\"1vvs9eq\" data-start=\"3011\" data-end=\"3036\">\ud83c\udfc3 Exerc\u00edcios e espa\u00e7o<\/h2><p data-start=\"3038\" data-end=\"3057\">Mini pigs precisam:<\/p><ul data-start=\"3058\" data-end=\"3133\"><li data-section-id=\"1h79ywz\" data-start=\"3058\" data-end=\"3087\">Se movimentar diariamente<\/li><li data-section-id=\"1gfainx\" data-start=\"3088\" data-end=\"3109\">Ter espa\u00e7o seguro<\/li><li data-section-id=\"1j9zzhv\" data-start=\"3110\" data-end=\"3133\">Evitar sedentarismo<\/li><\/ul><hr data-start=\"3135\" data-end=\"3138\" \/><h2 data-section-id=\"zmk7j7\" data-start=\"3140\" data-end=\"3157\">\ud83e\udde0 Treinamento<\/h2><p data-start=\"3159\" data-end=\"3180\">Eles aprendem r\u00e1pido!<\/p><p data-start=\"3182\" data-end=\"3200\">Voc\u00ea pode ensinar:<\/p><ul data-start=\"3201\" data-end=\"3256\"><li data-section-id=\"1t1go2p\" data-start=\"3201\" data-end=\"3209\">Nome<\/li><li data-section-id=\"1rl08fr\" data-start=\"3210\" data-end=\"3235\">Local de necessidades<\/li><li data-section-id=\"1yiisf7\" data-start=\"3236\" data-end=\"3256\">Comandos simples<\/li><\/ul><hr data-start=\"3258\" data-end=\"3261\" \/><h2 data-section-id=\"1p57612\" data-start=\"3263\" data-end=\"3276\">\ud83e\uddfc Higiene<\/h2><ul data-start=\"3278\" data-end=\"3339\"><li data-section-id=\"1fpxrix\" data-start=\"3278\" data-end=\"3297\">Banho ocasional<\/li><li data-section-id=\"y7cr6q\" data-start=\"3298\" data-end=\"3316\">Ambiente limpo<\/li><li data-section-id=\"1mhk4zq\" data-start=\"3317\" data-end=\"3339\">\u00c1gua fresca sempre<\/li><\/ul><p data-start=\"3341\" data-end=\"3376\">\ud83d\udc49 S\u00e3o animais naturalmente limpos.<\/p><hr data-start=\"3378\" data-end=\"3381\" \/><h2 data-section-id=\"11m6qaw\" data-start=\"3383\" data-end=\"3394\">\ud83e\ude7a Sa\u00fade<\/h2><ul data-start=\"3396\" data-end=\"3479\"><li data-section-id=\"75lawl\" data-start=\"3396\" data-end=\"3416\">Vacina\u00e7\u00e3o em dia<\/li><li data-section-id=\"chld29\" data-start=\"3417\" data-end=\"3447\">Acompanhamento veterin\u00e1rio<\/li><li data-section-id=\"1sdhu2a\" data-start=\"3448\" data-end=\"3479\">Observa\u00e7\u00e3o do comportamento<\/li><\/ul><hr data-start=\"3481\" data-end=\"3484\" \/><h2 data-section-id=\"1qcoh0p\" data-start=\"3486\" data-end=\"3501\">\u2764\ufe0f Conclus\u00e3o<\/h2><p data-start=\"3503\" data-end=\"3525\">Ter um mini pig \u00e9 ter:<\/p><ul data-start=\"3526\" data-end=\"3592\"><li data-section-id=\"9gc8ep\" data-start=\"3526\" data-end=\"3549\">Um companheiro fiel<\/li><li data-section-id=\"pia63c\" data-start=\"3550\" data-end=\"3575\">Um animal inteligente<\/li><li data-section-id=\"sgvhgg\" data-start=\"3576\" data-end=\"3592\">Um pet \u00fanico<\/li><\/ul><p data-start=\"3594\" data-end=\"3667\">\ud83d\udc49 Com os cuidados certos, ele ser\u00e1 parte da sua fam\u00edlia por muitos anos.<\/p>\t\t\t\t\t\t<\/div>\n\t\t\t\t<\/div>\n\t\t\t\t\t<\/div>\n\t\t\t\t<\/div>\n\t\t\t\t\t\t\t<\/div>\n\t\t","protected":false},"excerpt":{"rendered":"<p>\ud83d\udc16 Mini Pig: Como Cuidar Corretamente do Seu Porquinho de Estima\u00e7\u00e3o \ud83d\udc37 Como cuidar de um mini pig? Cuidar de [&hellip;]<\/p>\n","protected":false},"author":1,"featured_media":0,"parent":0,"menu_order":0,"comment_status":"closed","ping_status":"closed","template":"","meta":{"site-sidebar-layout":"no-sidebar","site-content-layout":"","ast-site-content-layout":"full-width-container","site-content-style":"default","site-sidebar-style":"default","ast-global-header-display":"","ast-banner-title-visibility":"","ast-main-header-display":"","ast-hfb-above-header-display":"","ast-hfb-below-header-display":"","ast-hfb-mobile-header-display":"","site-post-title":"disabled","ast-breadcrumbs-content":"","ast-featured-img":"disabled","footer-sml-layout":"","theme-transparent-header-meta":"","adv-header-id-meta":"","stick-header-meta":"","header-above-stick-meta":"","header-main-stick-meta":"","header-below-stick-meta":"","astra-migrate-meta-layouts":"default","ast-page-background-enabled":"default","ast-page-background-meta":{"desktop":{"background-color":"var(--ast-global-color-4)","background-image":"","background-repeat":"repeat","background-position":"center center","background-size":"auto","background-attachment":"scroll","background-type":"","background-media":"","overlay-type":"","overlay-color":"","overlay-gradient":""},"tablet":{"background-color":"","background-image":"","background-repeat":"repeat","background-position":"center center","background-size":"auto","background-attachment":"scroll","background-type":"","background-media":"","overlay-type":"","overlay-color":"","overlay-gradient":""},"mobile":{"background-color":"","background-image":"","background-repeat":"repeat","background-position":"center center","background-size":"auto","background-attachment":"scroll","background-type":"","background-media":"","overlay-type":"","overlay-color":"","overlay-gradient":""}},"ast-content-background-meta":{"desktop":{"background-color":"var(--ast-global-color-5)","background-image":"","background-repeat":"repeat","background-position":"center center","background-size":"auto","background-attachment":"scroll","background-type":"","background-media":"","overlay-type":"","overlay-color":"","overlay-gradient":""},"tablet":{"background-color":"var(--ast-global-color-5)","background-image":"","background-repeat":"repeat","background-position":"center center","background-size":"auto","background-attachment":"scroll","background-type":"","background-media":"","overlay-type":"","overlay-color":"","overlay-gradient":""},"mobile":{"background-color":"var(--ast-global-color-5)","background-image":"","background-repeat":"repeat","background-position":"center center","background-size":"auto","background-attachment":"scroll","background-type":"","background-media":"","overlay-type":"","overlay-color":"","overlay-gradient":""}},"footnotes":""},"_links":{"self":[{"href":"https:\/\/pigsbr.com\/index.php?rest_route=\/wp\/v2\/pages\/428"}],"collection":[{"href":"https:\/\/pigsbr.com\/index.php?rest_route=\/wp\/v2\/pages"}],"about":[{"href":"https:\/\/pigsbr.com\/index.php?rest_route=\/wp\/v2\/types\/page"}],"author":[{"embeddable":true,"href":"https:\/\/pigsbr.com\/index.php?rest_route=\/wp\/v2\/users\/1"}],"replies":[{"embeddable":true,"href":"https:\/\/pigsbr.com\/index.php?rest_route=%2Fwp%2Fv2%2Fcomments&post=428"}],"version-history":[{"count":4,"href":"https:\/\/pigsbr.com\/index.php?rest_route=\/wp\/v2\/pages\/428\/revisions"}],"predecessor-version":[{"id":432,"href":"https:\/\/pigsbr.com\/index.php?rest_route=\/wp\/v2\/pages\/428\/revisions\/432"}],"wp:attachment":[{"href":"https:\/\/pigsbr.com\/index.php?rest_route=%2Fwp%2Fv2%2Fmedia&parent=428"}],"curies":[{"name":"wp","href":"https:\/\/api.w.org\/{rel}","templated":true}]}}